{"id":258,"date":"2025-11-27T09:51:10","date_gmt":"2025-11-27T07:51:10","guid":{"rendered":"https:\/\/kauppa.nostage.fi\/tuote\/lahjakortti\/"},"modified":"2025-11-28T19:03:41","modified_gmt":"2025-11-28T17:03:41","slug":"lahjakortti","status":"publish","type":"product","link":"https:\/\/kauppa.nostage.fi\/sv\/produkt\/lahjakortti\/","title":{"rendered":"Presentkort"},"content":{"rendered":"<p>Vouchern \u00e4r tillg\u00e4nglig f\u00f6r alla \u00f6ppna Intro-f\u00f6rest\u00e4llningar p\u00e5 Nostage, i m\u00e5n av plats.<br \/>\nPresentkortet \u00e4r giltigt i ett \u00e5r fr\u00e5n ink\u00f6psdatumet.<\/p>\n<p><strong>Instruktioner f\u00f6r att k\u00f6pa ett presentkort:<\/strong><\/p>\n<ol>\n<li>V\u00e4lj v\u00e4rdet p\u00e5 presentkortet och ange mottagarens och avs\u00e4ndarens mejladress samt den text du vill ha med i meddelandet.<\/li>\n<li>V\u00e4lj ett l\u00e4mpligt antal (1 som standard) och tryck sedan p\u00e5 \u201dL\u00e4gg i varukorg\u201d.<\/li>\n<li>Du kan komma \u00e5t din betalning genom att v\u00e4lja \u201dVisa varukorg\u201d.<\/li>\n<li>G\u00e5 till kassan, ange dina uppgifter och v\u00e4lj betalningsmetod.<\/li>\n<li>Klicka p\u00e5 \u201dSkicka order\u201d f\u00f6r att slutf\u00f6ra ditt k\u00f6p.<\/li>\n<\/ol>\n<p>Mottagaren av presentkortet kan anv\u00e4nda presentkortet genom att ange koden i det angivna utrymmet vid k\u00f6p av en biljett p\u00e5 kauppa.nostage.fi.<\/p>\n<p>&nbsp;<\/p>","protected":false},"excerpt":{"rendered":"<p>Vouchern \u00e4r tillg\u00e4nglig f\u00f6r alla \u00f6ppna Intro-f\u00f6rest\u00e4llningar p\u00e5 Nostage, i m\u00e5n av plats.<br \/>\nPresentkortet \u00e4r giltigt i ett \u00e5r fr\u00e5n ink\u00f6psdatumet.<\/p>","protected":false},"featured_media":154,"template":"","meta":{"site-sidebar-layout":"default","site-content-layout":"","ast-site-content-layout":"default","site-content-style":"default","site-sidebar-style":"default","ast-global-header-display":"","ast-banner-title-visibility":"","ast-main-header-display":"","ast-hfb-above-header-display":"","ast-hfb-below-header-display":"","ast-hfb-mobile-header-display":"","site-post-title":"","ast-breadcrumbs-content":"","ast-featured-img":"","footer-sml-layout":"","ast-disable-related-posts":"","theme-transparent-header-meta":"default","adv-header-id-meta":"","stick-header-meta":"","header-above-stick-meta":"","header-main-stick-meta":"","header-below-stick-meta":"","astra-migrate-meta-layouts":"set","ast-page-background-enabled":"default","ast-page-background-meta":{"desktop":{"background-color":"var(--ast-global-color-5)","background-image":"","background-repeat":"repeat","background-position":"center center","background-size":"auto","background-attachment":"scroll","background-type":"","background-media":"","overlay-type":"","overlay-color":"","overlay-opacity":"","overlay-gradient":""},"tablet":{"background-color":"","background-image":"","background-repeat":"repeat","background-position":"center center","background-size":"auto","background-attachment":"scroll","background-type":"","background-media":"","overlay-type":"","overlay-color":"","overlay-opacity":"","overlay-gradient":""},"mobile":{"background-color":"","background-image":"","background-repeat":"repeat","background-position":"center center","background-size":"auto","background-attachment":"scroll","background-type":"","background-media":"","overlay-type":"","overlay-color":"","overlay-opacity":"","overlay-gradient":""}},"ast-content-background-meta":{"desktop":{"background-color":"var(--ast-global-color-4)","background-image":"","background-repeat":"repeat","background-position":"center center","background-size":"auto","background-attachment":"scroll","background-type":"","background-media":"","overlay-type":"","overlay-color":"","overlay-opacity":"","overlay-gradient":""},"tablet":{"background-color":"var(--ast-global-color-4)","background-image":"","background-repeat":"repeat","background-position":"center center","background-size":"auto","background-attachment":"scroll","background-type":"","background-media":"","overlay-type":"","overlay-color":"","overlay-opacity":"","overlay-gradient":""},"mobile":{"background-color":"var(--ast-global-color-4)","background-image":"","background-repeat":"repeat","background-position":"center center","background-size":"auto","background-attachment":"scroll","background-type":"","background-media":"","overlay-type":"","overlay-color":"","overlay-opacity":"","overlay-gradient":""}}},"product_brand":[],"product_cat":[16],"product_tag":[],"class_list":{"0":"post-258","1":"product","2":"type-product","3":"status-publish","4":"has-post-thumbnail","6":"product_cat-yleinen","7":"desktop-align-left","8":"tablet-align-left","9":"mobile-align-left","11":"first","12":"instock","13":"purchasable","14":"product-type-pw-gift-card"},"_links":{"self":[{"href":"https:\/\/kauppa.nostage.fi\/sv\/wp-json\/wp\/v2\/product\/258","targetHints":{"allow":["GET"]}}],"collection":[{"href":"https:\/\/kauppa.nostage.fi\/sv\/wp-json\/wp\/v2\/product"}],"about":[{"href":"https:\/\/kauppa.nostage.fi\/sv\/wp-json\/wp\/v2\/types\/product"}],"wp:featuredmedia":[{"embeddable":true,"href":"https:\/\/kauppa.nostage.fi\/sv\/wp-json\/wp\/v2\/media\/154"}],"wp:attachment":[{"href":"https:\/\/kauppa.nostage.fi\/sv\/wp-json\/wp\/v2\/media?parent=258"}],"wp:term":[{"taxonomy":"product_brand","embeddable":true,"href":"https:\/\/kauppa.nostage.fi\/sv\/wp-json\/wp\/v2\/product_brand?post=258"},{"taxonomy":"product_cat","embeddable":true,"href":"https:\/\/kauppa.nostage.fi\/sv\/wp-json\/wp\/v2\/product_cat?post=258"},{"taxonomy":"product_tag","embeddable":true,"href":"https:\/\/kauppa.nostage.fi\/sv\/wp-json\/wp\/v2\/product_tag?post=258"}],"curies":[{"name":"wp","href":"https:\/\/api.w.org\/{rel}","templated":true}]}}