{"id":151,"date":"2025-09-25T10:32:55","date_gmt":"2025-09-25T07:32:55","guid":{"rendered":"https:\/\/kauppa.nostage.fi\/?post_type=product&#038;p=151"},"modified":"2026-02-15T16:47:24","modified_gmt":"2026-02-15T14:47:24","slug":"intro-avoin-esitys","status":"publish","type":"product","link":"https:\/\/kauppa.nostage.fi\/sv\/produkt\/intro-avoin-esitys\/","title":{"rendered":"INTRO - ett Magiskt preludium \/ \u00d6ppen f\u00f6rest\u00e4llning"},"content":{"rendered":"","protected":false},"excerpt":{"rendered":"<p><span style=\"font-size: 16px;\">Du kan k\u00f6pa biljetter till de \u00f6ppna f\u00f6rest\u00e4llningarna som anges i kalendern.<br \/>\n<\/span>Priset f\u00f6r en entr\u00e9biljett \u00e4r <strong>49 \u20ac\/person<\/strong> (inkl. moms 13,5%)<br \/>\n<span style=\"font-size: 16px;\">Det ryms <\/span><strong style=\"font-size: 16px;\">max 12<\/strong><span style=\"font-size: 16px;\">\u00a0personer per f\u00f6rest\u00e4llning.<br \/>\n<\/span><span style=\"font-size: 16px;\">En k\u00f6pt biljett ger intr\u00e4de till f\u00f6rest\u00e4llningen <\/span><strong style=\"font-size: 16px;\">Intro<\/strong><span style=\"font-size: 16px;\"> Programmets l\u00e4ngd: <\/span><strong style=\"font-size: 16px;\">60 minuter<\/strong><span style=\"font-size: 16px;\">.<br \/>\n<\/span><span style=\"font-size: 16px;\">Plats: <\/span><strong style=\"font-size: 16px;\">Nostage<\/strong><span style=\"font-size: 16px;\"> p\u00e5 adressen Fredriksgatan 49, 00100 Helsingfors, Finland<\/span><\/p>","protected":false},"featured_media":154,"template":"","meta":{"site-sidebar-layout":"default","site-content-layout":"","ast-site-content-layout":"default","site-content-style":"default","site-sidebar-style":"default","ast-global-header-display":"","ast-banner-title-visibility":"","ast-main-header-display":"","ast-hfb-above-header-display":"","ast-hfb-below-header-display":"","ast-hfb-mobile-header-display":"","site-post-title":"","ast-breadcrumbs-content":"","ast-featured-img":"","footer-sml-layout":"","ast-disable-related-posts":"","theme-transparent-header-meta":"default","adv-header-id-meta":"","stick-header-meta":"","header-above-stick-meta":"","header-main-stick-meta":"","header-below-stick-meta":"","astra-migrate-meta-layouts":"set","ast-page-background-enabled":"default","ast-page-background-meta":{"desktop":{"background-color":"var(--ast-global-color-5)","background-image":"","background-repeat":"repeat","background-position":"center center","background-size":"auto","background-attachment":"scroll","background-type":"","background-media":"","overlay-type":"","overlay-color":"","overlay-opacity":"","overlay-gradient":""},"tablet":{"background-color":"","background-image":"","background-repeat":"repeat","background-position":"center center","background-size":"auto","background-attachment":"scroll","background-type":"","background-media":"","overlay-type":"","overlay-color":"","overlay-opacity":"","overlay-gradient":""},"mobile":{"background-color":"","background-image":"","background-repeat":"repeat","background-position":"center center","background-size":"auto","background-attachment":"scroll","background-type":"","background-media":"","overlay-type":"","overlay-color":"","overlay-opacity":"","overlay-gradient":""}},"ast-content-background-meta":{"desktop":{"background-color":"var(--ast-global-color-4)","background-image":"","background-repeat":"repeat","background-position":"center center","background-size":"auto","background-attachment":"scroll","background-type":"","background-media":"","overlay-type":"","overlay-color":"","overlay-opacity":"","overlay-gradient":""},"tablet":{"background-color":"var(--ast-global-color-4)","background-image":"","background-repeat":"repeat","background-position":"center center","background-size":"auto","background-attachment":"scroll","background-type":"","background-media":"","overlay-type":"","overlay-color":"","overlay-opacity":"","overlay-gradient":""},"mobile":{"background-color":"var(--ast-global-color-4)","background-image":"","background-repeat":"repeat","background-position":"center center","background-size":"auto","background-attachment":"scroll","background-type":"","background-media":"","overlay-type":"","overlay-color":"","overlay-opacity":"","overlay-gradient":""}}},"product_brand":[],"product_cat":[18],"product_tag":[],"class_list":{"0":"post-151","1":"product","2":"type-product","3":"status-publish","4":"has-post-thumbnail","6":"product_cat-paasyliput","7":"bookacti-activity","8":"desktop-align-left","9":"tablet-align-left","10":"mobile-align-left","12":"first","13":"instock","14":"virtual","15":"taxable","16":"purchasable","17":"product-type-simple"},"_links":{"self":[{"href":"https:\/\/kauppa.nostage.fi\/sv\/wp-json\/wp\/v2\/product\/151","targetHints":{"allow":["GET"]}}],"collection":[{"href":"https:\/\/kauppa.nostage.fi\/sv\/wp-json\/wp\/v2\/product"}],"about":[{"href":"https:\/\/kauppa.nostage.fi\/sv\/wp-json\/wp\/v2\/types\/product"}],"wp:featuredmedia":[{"embeddable":true,"href":"https:\/\/kauppa.nostage.fi\/sv\/wp-json\/wp\/v2\/media\/154"}],"wp:attachment":[{"href":"https:\/\/kauppa.nostage.fi\/sv\/wp-json\/wp\/v2\/media?parent=151"}],"wp:term":[{"taxonomy":"product_brand","embeddable":true,"href":"https:\/\/kauppa.nostage.fi\/sv\/wp-json\/wp\/v2\/product_brand?post=151"},{"taxonomy":"product_cat","embeddable":true,"href":"https:\/\/kauppa.nostage.fi\/sv\/wp-json\/wp\/v2\/product_cat?post=151"},{"taxonomy":"product_tag","embeddable":true,"href":"https:\/\/kauppa.nostage.fi\/sv\/wp-json\/wp\/v2\/product_tag?post=151"}],"curies":[{"name":"wp","href":"https:\/\/api.w.org\/{rel}","templated":true}]}}