{"id":3,"date":"2025-09-18T09:26:05","date_gmt":"2025-09-18T06:26:05","guid":{"rendered":"https:\/\/kauppa.nostage.fi\/?page_id=3"},"modified":"2025-12-15T09:42:30","modified_gmt":"2025-12-15T07:42:30","slug":"tietosuojaseloste","status":"publish","type":"page","link":"https:\/\/kauppa.nostage.fi\/sv\/tietosuojaseloste\/","title":{"rendered":"Integritetspolicy"},"content":{"rendered":"<h2 class=\"wp-block-heading\">Vilka vi \u00e4r<\/h2>\n\n\n<p><strong class=\"privacy-policy-tutorial\">Rekommenderad text: <\/strong>Adressen till v\u00e5r webbplats \u00e4r: https:\/\/kauppa.nostage.fi.<\/p>\n\n\n<h2 class=\"wp-block-heading\">Kommentarer till<\/h2>\n\n\n<p class=\"translation-block\"><strong class=\"privacy-policy-tutorial\">F\u00f6redragen text:<\/strong>N\u00e4r anv\u00e4ndare l\u00e4mnar kommentarer p\u00e5 webbplatsen samlar vi in informationen i kommentarsformul\u00e4ret, liksom anv\u00e4ndarens IP-adress och information om webbl\u00e4sarversion, f\u00f6r att hj\u00e4lpa till att identifiera skr\u00e4ppostmeddelanden.<\/p>\n\n\n<p>N\u00e4r bes\u00f6kare l\u00e4mnar en kommentar p\u00e5 den h\u00e4r webbplatsen samlar vi in den information som visas i kommentarsf\u00e4lten, IP-adressen och webbl\u00e4sarens versionsinformation. De anonymiserade hashdata som genereras fr\u00e5n e-postadressen kan skickas till Gravatar-tj\u00e4nsten f\u00f6r att veta om kommentatorn \u00e4r en anv\u00e4ndare av tj\u00e4nsten. Gravatars integritetspolicy finns p\u00e5 https:\/\/automattic.com\/privacy\/.<\/p>\n\n\n<h2 class=\"wp-block-heading\">Media<\/h2>\n\n\n<p class=\"translation-block\"><strong class=\"privacy-policy-tutorial\">Recommended text:<\/strong>N\u00e4r du laddar upp bilder till den h\u00e4r webbplatsen b\u00f6r du undvika att ladda upp bilder som har platsinformation (EXIF GPS) lagrad. Bes\u00f6kare p\u00e5 webbplatsen kan ladda ner och visa platsinformationen f\u00f6r de bilder som finns p\u00e5 webbplatsen.<\/p>\n\n\n<h2 class=\"wp-block-heading\">Kakor<\/h2>\n\n\n<p class=\"translation-block\"><strong class=\"privacy-policy-tutorial\">F\u00f6redragen text:<\/strong>Om du l\u00e4mnar en kommentar p\u00e5 webbplatsen kan du v\u00e4lja att ditt namn, din e-postadress och din webbadress ska lagras i en cookie. Denna funktion \u00f6kar din bekv\u00e4mlighet genom att eliminera behovet av att fylla i formul\u00e4ret varje g\u00e5ng du l\u00e4gger till en kommentar. Cookiedata kommer att raderas fr\u00e5n din webbl\u00e4sare efter ett \u00e5r.<\/p>\n\n\n<p>Om du har ett konto och loggar in p\u00e5 webbplatsen kommer vi att s\u00e4tta en tillf\u00e4llig cookie f\u00f6r att avg\u00f6ra om din webbl\u00e4sare st\u00f6der cookies eller inte. Denna cookie inneh\u00e5ller inga personuppgifter och raderas n\u00e4r webbl\u00e4sarf\u00f6nstret st\u00e4ngs.<\/p>\n\n\n<p>N\u00e4r du loggar in s\u00e4tter vi ett antal cookies som registrerar dina inloggnings- och visningspreferenser. Inloggningscookies raderas efter tv\u00e5 dagar och visningscookies raderas efter ett \u00e5r. Om du v\u00e4ljer \u201cKom ih\u00e5g mig\u201d n\u00e4r du loggar in lagras dina inloggningsuppgifter i tv\u00e5 veckor. Om du loggar ut raderas inloggningscookies samtidigt.<\/p>\n\n\n<p>Om du publicerar en artikel eller redigerar en befintlig artikel lagrar vi en cookie i din webbl\u00e4sare som inneh\u00e5ller ID:t f\u00f6r den artikel du redigerar. Cookien upph\u00f6r att g\u00e4lla om en dag.<\/p>\n\n\n<h2 class=\"wp-block-heading\">Inneh\u00e5ll inb\u00e4ddat fr\u00e5n andra webbplatser<\/h2>\n\n\n<p class=\"translation-block\"><strong class=\"privacy-policy-tutorial\">F\u00f6redragen text:<\/strong>Artiklarna p\u00e5 denna webbplats kan inneh\u00e5lla inb\u00e4ddat inneh\u00e5ll (t.ex. videor, bilder, artiklar osv.). Att f\u00e5 tillg\u00e5ng till inb\u00e4ddat inneh\u00e5ll fr\u00e5n andra webbplatser kan j\u00e4mf\u00f6ras med att bes\u00f6ka en tredje parts webbplats.<\/p>\n\n\n<p>Dessa webbplatser kan samla in information om dig, anv\u00e4nda cookies, b\u00e4dda in sp\u00e5rningscookies fr\u00e5n tredje part och \u00f6vervaka din interaktion med inb\u00e4ddat inneh\u00e5ll, inklusive att sp\u00e5ra din interaktion om och n\u00e4r du \u00e4r inloggad som anv\u00e4ndare p\u00e5 webbplatsen.<\/p>\n\n\n<h2 class=\"wp-block-heading\">Vem vi delar din information med<\/h2>\n\n\n<p class=\"translation-block\"><strong class=\"privacy-policy-tutorial\">F\u00f6redragen text: <\/strong>Om du beg\u00e4r en \u00e5terst\u00e4llning av l\u00f6senordet kommer din IP-adress att inkluderas i ditt \u00e5terst\u00e4llningsmail.<\/p>\n\n\n<h2 class=\"wp-block-heading\">Hur l\u00e4nge vi sparar uppgifter<\/h2>\n\n\n<p class=\"translation-block\"><strong class=\"privacy-policy-tutorial\">F\u00f6redragen text: <\/strong>N\u00e4r du l\u00e4mnar en kommentar sparas kommentaren och dess metadata p\u00e5 obest\u00e4md tid. Detta g\u00f6rs f\u00f6r att vi automatiskt ska kunna identifiera och godk\u00e4nna efterf\u00f6ljande kommentarer i st\u00e4llet f\u00f6r att h\u00e5lla dem i modereringsk\u00f6n.<\/p>\n\n\n<p>Vi lagrar uppgifter om registrerade anv\u00e4ndare (om s\u00e5dana finns) i deras anv\u00e4ndarprofiler. Alla anv\u00e4ndare har m\u00f6jlighet att n\u00e4r som helst se, redigera och radera sina personuppgifter. Det \u00e4r bara anv\u00e4ndarnamnet som inte kan \u00e4ndras. Webbplatsadministrat\u00f6rer kan se och redigera informationen i anv\u00e4ndarprofiler.<\/p>\n\n\n<h2 class=\"wp-block-heading\">Vilka r\u00e4ttigheter har du till dina egna uppgifter?<\/h2>\n\n\n<p><strong class=\"privacy-policy-tutorial\">Rekommenderad text: <\/strong>Om du har ett konto p\u00e5 den h\u00e4r webbplatsen eller har l\u00e4mnat kommentarer kan du beg\u00e4ra en sammanfattande fil med dina personuppgifter, inklusive eventuella personuppgifter som du har l\u00e4mnat till oss. Du kan ocks\u00e5 beg\u00e4ra att dina personuppgifter raderas. R\u00e4tten att f\u00e5 dina personuppgifter raderade g\u00e4ller inte personuppgifter som vi \u00e4r skyldiga att beh\u00e5lla av underh\u00e5lls-, juridiska eller s\u00e4kerhetssk\u00e4l.<\/p>\n\n\n<h2 class=\"wp-block-heading\">Vart dina uppgifter skickas<\/h2>\n\n\n<p class=\"translation-block\"><strong class=\"privacy-policy-tutorial\">\u00d6nskad text: <\/strong>Bes\u00f6kares kommentarer kan komma att kontrolleras genom en automatiserad spam-tj\u00e4nst.<\/p>","protected":false},"excerpt":{"rendered":"<p>Keit\u00e4 olemme Suositeltu teksti: Verkkosivustomme osoite on: https:\/\/kauppa.nostage.fi. Kommentit Suositeltu teksti: Kun sivuston k\u00e4ytt\u00e4j\u00e4t j\u00e4tt\u00e4v\u00e4t kommentteja sivustolle, ker\u00e4\u00e4mme kommenttilomakkeessa olevat [&hellip;]<\/p>\n","protected":false},"author":1,"featured_media":0,"parent":0,"menu_order":0,"comment_status":"closed","ping_status":"open","template":"","meta":{"site-sidebar-layout":"default","site-content-layout":"","ast-site-content-layout":"default","site-content-style":"default","site-sidebar-style":"default","ast-global-header-display":"","ast-banner-title-visibility":"","ast-main-header-display":"","ast-hfb-above-header-display":"","ast-hfb-below-header-display":"","ast-hfb-mobile-header-display":"","site-post-title":"","ast-breadcrumbs-content":"","ast-featured-img":"","footer-sml-layout":"","ast-disable-related-posts":"","theme-transparent-header-meta":"","adv-header-id-meta":"","stick-header-meta":"","header-above-stick-meta":"","header-main-stick-meta":"","header-below-stick-meta":"","astra-migrate-meta-layouts":"default","ast-page-background-enabled":"default","ast-page-background-meta":{"desktop":{"background-color":"var(--ast-global-color-5)","background-image":"","background-repeat":"repeat","background-position":"center center","background-size":"auto","background-attachment":"scroll","background-type":"","background-media":"","overlay-type":"","overlay-color":"","overlay-opacity":"","overlay-gradient":""},"tablet":{"background-color":"","background-image":"","background-repeat":"repeat","background-position":"center center","background-size":"auto","background-attachment":"scroll","background-type":"","background-media":"","overlay-type":"","overlay-color":"","overlay-opacity":"","overlay-gradient":""},"mobile":{"background-color":"","background-image":"","background-repeat":"repeat","background-position":"center center","background-size":"auto","background-attachment":"scroll","background-type":"","background-media":"","overlay-type":"","overlay-color":"","overlay-opacity":"","overlay-gradient":""}},"ast-content-background-meta":{"desktop":{"background-color":"var(--ast-global-color-4)","background-image":"","background-repeat":"repeat","background-position":"center center","background-size":"auto","background-attachment":"scroll","background-type":"","background-media":"","overlay-type":"","overlay-color":"","overlay-opacity":"","overlay-gradient":""},"tablet":{"background-color":"var(--ast-global-color-4)","background-image":"","background-repeat":"repeat","background-position":"center center","background-size":"auto","background-attachment":"scroll","background-type":"","background-media":"","overlay-type":"","overlay-color":"","overlay-opacity":"","overlay-gradient":""},"mobile":{"background-color":"var(--ast-global-color-4)","background-image":"","background-repeat":"repeat","background-position":"center center","background-size":"auto","background-attachment":"scroll","background-type":"","background-media":"","overlay-type":"","overlay-color":"","overlay-opacity":"","overlay-gradient":""}},"footnotes":""},"class_list":["post-3","page","type-page","status-publish","hentry"],"_links":{"self":[{"href":"https:\/\/kauppa.nostage.fi\/sv\/wp-json\/wp\/v2\/pages\/3","targetHints":{"allow":["GET"]}}],"collection":[{"href":"https:\/\/kauppa.nostage.fi\/sv\/wp-json\/wp\/v2\/pages"}],"about":[{"href":"https:\/\/kauppa.nostage.fi\/sv\/wp-json\/wp\/v2\/types\/page"}],"author":[{"embeddable":true,"href":"https:\/\/kauppa.nostage.fi\/sv\/wp-json\/wp\/v2\/users\/1"}],"replies":[{"embeddable":true,"href":"https:\/\/kauppa.nostage.fi\/sv\/wp-json\/wp\/v2\/comments?post=3"}],"version-history":[{"count":1,"href":"https:\/\/kauppa.nostage.fi\/sv\/wp-json\/wp\/v2\/pages\/3\/revisions"}],"predecessor-version":[{"id":296,"href":"https:\/\/kauppa.nostage.fi\/sv\/wp-json\/wp\/v2\/pages\/3\/revisions\/296"}],"wp:attachment":[{"href":"https:\/\/kauppa.nostage.fi\/sv\/wp-json\/wp\/v2\/media?parent=3"}],"curies":[{"name":"wp","href":"https:\/\/api.w.org\/{rel}","templated":true}]}}