{"id":2,"date":"2025-09-18T09:26:05","date_gmt":"2025-09-18T06:26:05","guid":{"rendered":"https:\/\/kauppa.nostage.fi\/?page_id=2"},"modified":"2025-09-18T09:26:05","modified_gmt":"2025-09-18T06:26:05","slug":"esimerkkisivu","status":"publish","type":"page","link":"https:\/\/kauppa.nostage.fi\/sv\/esimerkkisivu\/","title":{"rendered":"Exempelsida"},"content":{"rendered":"<p>Detta \u00e4r en exempel sida. Den skiljer sig fr\u00e5n ett inl\u00e4gg genom att den stannar p\u00e5 ett st\u00e4lle och visas i din webbplats navigering (i de flesta teman). M\u00e5nga skapar en Om-sida f\u00f6rst f\u00f6r att introducera sig sj\u00e4lva f\u00f6r bes\u00f6karna p\u00e5 webbplatsen. Du kan skriva inneh\u00e5ll som detta p\u00e5 den:<\/p>\n\n\n\n<blockquote class=\"wp-block-quote is-layout-flow wp-block-quote-is-layout-flow\"><p>H\u00e4lsningar! Till vardags jobbar jag som cykelbud, och p\u00e5 kv\u00e4llarna \u00e4r jag involverad i amat\u00f6rteater. Dessa \u00e4r mina egna sidor. Jag bor i Pargas och jag har en underbar hund som heter Jaakko. Jag gillar pi\u00f1a colada-drinkar och regnets smatter p\u00e5 pl\u00e5ttaket.<\/p><\/blockquote>\n\n\n\n<p>\u2026eller n\u00e5got liknande:<\/p>\n\n\n\n<blockquote class=\"wp-block-quote is-layout-flow wp-block-quote-is-layout-flow\"><p>Hilavitkuttimet Oy grundades \u00e5r 1971 och har sedan dess producerat h\u00f6gkvalitativa hilavitkuttimia f\u00f6r sina kunder. Hilavitkuttimet Oy, som syssels\u00e4tter \u00f6ver 200 personer, \u00e4r bel\u00e4get i Salo och organiserar alla m\u00f6jliga evenemang till gl\u00e4dje f\u00f6r lokalsamh\u00e4llet.<\/p><\/blockquote>\n\n\n\n<p>Som ny WordPress-anv\u00e4ndare, b\u00f6r du g\u00e5 <a href=\"https:\/\/kauppa.nostage.fi\/wp-admin\/\">kontrollpanel<\/a> f\u00f6r att ta bort den h\u00e4r sidan och skapa nya sidor f\u00f6r ditt inneh\u00e5ll. Ha s\u00e5 kul!<\/p>","protected":false},"excerpt":{"rendered":"<p>T\u00e4m\u00e4 on esimerkkisivu. Se eroaa artikkelista, sill\u00e4 se pysyy omalla paikallaan ja n\u00e4kyy sivustosi navigaatiossa (useimmissa teemoissa). Monet tekev\u00e4t ensimm\u00e4isen\u00e4 [&hellip;]<\/p>\n","protected":false},"author":1,"featured_media":0,"parent":0,"menu_order":0,"comment_status":"closed","ping_status":"open","template":"","meta":{"site-sidebar-layout":"default","site-content-layout":"","ast-site-content-layout":"default","site-content-style":"default","site-sidebar-style":"default","ast-global-header-display":"","ast-banner-title-visibility":"","ast-main-header-display":"","ast-hfb-above-header-display":"","ast-hfb-below-header-display":"","ast-hfb-mobile-header-display":"","site-post-title":"","ast-breadcrumbs-content":"","ast-featured-img":"","footer-sml-layout":"","ast-disable-related-posts":"","theme-transparent-header-meta":"","adv-header-id-meta":"","stick-header-meta":"","header-above-stick-meta":"","header-main-stick-meta":"","header-below-stick-meta":"","astra-migrate-meta-layouts":"default","ast-page-background-enabled":"default","ast-page-background-meta":{"desktop":{"background-color":"var(--ast-global-color-5)","background-image":"","background-repeat":"repeat","background-position":"center center","background-size":"auto","background-attachment":"scroll","background-type":"","background-media":"","overlay-type":"","overlay-color":"","overlay-opacity":"","overlay-gradient":""},"tablet":{"background-color":"","background-image":"","background-repeat":"repeat","background-position":"center center","background-size":"auto","background-attachment":"scroll","background-type":"","background-media":"","overlay-type":"","overlay-color":"","overlay-opacity":"","overlay-gradient":""},"mobile":{"background-color":"","background-image":"","background-repeat":"repeat","background-position":"center center","background-size":"auto","background-attachment":"scroll","background-type":"","background-media":"","overlay-type":"","overlay-color":"","overlay-opacity":"","overlay-gradient":""}},"ast-content-background-meta":{"desktop":{"background-color":"var(--ast-global-color-4)","background-image":"","background-repeat":"repeat","background-position":"center center","background-size":"auto","background-attachment":"scroll","background-type":"","background-media":"","overlay-type":"","overlay-color":"","overlay-opacity":"","overlay-gradient":""},"tablet":{"background-color":"var(--ast-global-color-4)","background-image":"","background-repeat":"repeat","background-position":"center center","background-size":"auto","background-attachment":"scroll","background-type":"","background-media":"","overlay-type":"","overlay-color":"","overlay-opacity":"","overlay-gradient":""},"mobile":{"background-color":"var(--ast-global-color-4)","background-image":"","background-repeat":"repeat","background-position":"center center","background-size":"auto","background-attachment":"scroll","background-type":"","background-media":"","overlay-type":"","overlay-color":"","overlay-opacity":"","overlay-gradient":""}},"footnotes":""},"class_list":["post-2","page","type-page","status-publish","hentry"],"_links":{"self":[{"href":"https:\/\/kauppa.nostage.fi\/sv\/wp-json\/wp\/v2\/pages\/2","targetHints":{"allow":["GET"]}}],"collection":[{"href":"https:\/\/kauppa.nostage.fi\/sv\/wp-json\/wp\/v2\/pages"}],"about":[{"href":"https:\/\/kauppa.nostage.fi\/sv\/wp-json\/wp\/v2\/types\/page"}],"author":[{"embeddable":true,"href":"https:\/\/kauppa.nostage.fi\/sv\/wp-json\/wp\/v2\/users\/1"}],"replies":[{"embeddable":true,"href":"https:\/\/kauppa.nostage.fi\/sv\/wp-json\/wp\/v2\/comments?post=2"}],"version-history":[{"count":0,"href":"https:\/\/kauppa.nostage.fi\/sv\/wp-json\/wp\/v2\/pages\/2\/revisions"}],"wp:attachment":[{"href":"https:\/\/kauppa.nostage.fi\/sv\/wp-json\/wp\/v2\/media?parent=2"}],"curies":[{"name":"wp","href":"https:\/\/api.w.org\/{rel}","templated":true}]}}