{"id":13,"date":"2025-09-24T14:04:56","date_gmt":"2025-09-24T11:04:56","guid":{"rendered":"https:\/\/kauppa.nostage.fi\/?page_id=13"},"modified":"2025-09-24T14:06:52","modified_gmt":"2025-09-24T11:06:52","slug":"tilausehdot","status":"publish","type":"page","link":"https:\/\/kauppa.nostage.fi\/en\/tilausehdot\/","title":{"rendered":"Ordering Terms"},"content":{"rendered":"<p><strong>Payment<\/strong><\/p>\n\n\n\n<p>Payment services are provided by Verifone Finland Oy (0943819-9). Verifone Finland Oy is a payment institution licensed by the Financial Supervisory Authority. Payment transactions are carried out in Verifone Finland Oy\u2019s secure payment environment. For the most common online banking, card, and other payments, Verifone Finland Oy will appear on account statements and, where applicable, on card invoices, acting as the intermediary to forward payments to the merchant. For other payment methods, Verifone Finland Oy acts as a transmitter of payment transaction information, in which case the recipient of the payment will appear as (company name).<\/p>\n\n\n\n<p class=\"translation-block\"><strong>For payment-related questions, you can contact Verifone:<\/strong><br>\nVerifone Finland Oy<br>\nVantaankoskentie 14<br>\n01670 Vantaa<br>\nCustomer Service: 020 753 5192<br>\nkuluttaja@verifone.fi<\/p>\n\n\n\n<p class=\"translation-block\"><strong>You can pay in the online store using the following payment methods:<\/strong><br>\nAll Finnish online banks: Osuuspankki, Nordea, Danske Bank, S\u00e4\u00e4st\u00f6pankki, Aktia, Oma S\u00e4\u00e4st\u00f6pankki, POP Pankki, Handelsbanken, S-Pankki, and \u00c5landsbanken.<\/p>\n\n\n\n<p class=\"translation-block\"><strong>Visa and Mastercard card families:<\/strong> Visa Credit, Visa Debit, Mastercard Credit, Mastercard Debit, OP Invoice, Visa Electron, Maestro, and Eurocard.<\/p>\n\n\n\n<p class=\"translation-block\"><strong>Mobile payment methods<\/strong><br>\nSiirto, MobilePay, and Apple Pay mobile payment methods.<\/p>\n\n\n\n<p class=\"translation-block\"><strong>Security of online payments<\/strong> We use a secure SSL-encrypted connection when handling credit card and other order information. We do not store credit card details in our systems; they are processed and stored in Verifone's secure PCI DSS-certified environment.<\/p>","protected":false},"excerpt":{"rendered":"<p>Maksaminen Maksupalvelun tarjoaa Verifone Finland Oy (0943819-9). Verifone Finland Oy on Finanssivalvonnan toimiluvan saanut maksulaitos. Maksutapahtumat toteutetaan Verifone Finland Oy:n [&hellip;]<\/p>\n","protected":false},"author":1,"featured_media":0,"parent":0,"menu_order":0,"comment_status":"closed","ping_status":"closed","template":"","meta":{"site-sidebar-layout":"default","site-content-layout":"","ast-site-content-layout":"default","site-content-style":"default","site-sidebar-style":"default","ast-global-header-display":"","ast-banner-title-visibility":"","ast-main-header-display":"","ast-hfb-above-header-display":"","ast-hfb-below-header-display":"","ast-hfb-mobile-header-display":"","site-post-title":"","ast-breadcrumbs-content":"","ast-featured-img":"","footer-sml-layout":"","ast-disable-related-posts":"","theme-transparent-header-meta":"","adv-header-id-meta":"","stick-header-meta":"","header-above-stick-meta":"","header-main-stick-meta":"","header-below-stick-meta":"","astra-migrate-meta-layouts":"default","ast-page-background-enabled":"default","ast-page-background-meta":{"desktop":{"background-color":"var(--ast-global-color-5)","background-image":"","background-repeat":"repeat","background-position":"center center","background-size":"auto","background-attachment":"scroll","background-type":"","background-media":"","overlay-type":"","overlay-color":"","overlay-opacity":"","overlay-gradient":""},"tablet":{"background-color":"","background-image":"","background-repeat":"repeat","background-position":"center center","background-size":"auto","background-attachment":"scroll","background-type":"","background-media":"","overlay-type":"","overlay-color":"","overlay-opacity":"","overlay-gradient":""},"mobile":{"background-color":"","background-image":"","background-repeat":"repeat","background-position":"center center","background-size":"auto","background-attachment":"scroll","background-type":"","background-media":"","overlay-type":"","overlay-color":"","overlay-opacity":"","overlay-gradient":""}},"ast-content-background-meta":{"desktop":{"background-color":"var(--ast-global-color-4)","background-image":"","background-repeat":"repeat","background-position":"center center","background-size":"auto","background-attachment":"scroll","background-type":"","background-media":"","overlay-type":"","overlay-color":"","overlay-opacity":"","overlay-gradient":""},"tablet":{"background-color":"var(--ast-global-color-4)","background-image":"","background-repeat":"repeat","background-position":"center center","background-size":"auto","background-attachment":"scroll","background-type":"","background-media":"","overlay-type":"","overlay-color":"","overlay-opacity":"","overlay-gradient":""},"mobile":{"background-color":"var(--ast-global-color-4)","background-image":"","background-repeat":"repeat","background-position":"center center","background-size":"auto","background-attachment":"scroll","background-type":"","background-media":"","overlay-type":"","overlay-color":"","overlay-opacity":"","overlay-gradient":""}},"footnotes":""},"class_list":["post-13","page","type-page","status-publish","hentry"],"_links":{"self":[{"href":"https:\/\/kauppa.nostage.fi\/en\/wp-json\/wp\/v2\/pages\/13","targetHints":{"allow":["GET"]}}],"collection":[{"href":"https:\/\/kauppa.nostage.fi\/en\/wp-json\/wp\/v2\/pages"}],"about":[{"href":"https:\/\/kauppa.nostage.fi\/en\/wp-json\/wp\/v2\/types\/page"}],"author":[{"embeddable":true,"href":"https:\/\/kauppa.nostage.fi\/en\/wp-json\/wp\/v2\/users\/1"}],"replies":[{"embeddable":true,"href":"https:\/\/kauppa.nostage.fi\/en\/wp-json\/wp\/v2\/comments?post=13"}],"version-history":[{"count":2,"href":"https:\/\/kauppa.nostage.fi\/en\/wp-json\/wp\/v2\/pages\/13\/revisions"}],"predecessor-version":[{"id":143,"href":"https:\/\/kauppa.nostage.fi\/en\/wp-json\/wp\/v2\/pages\/13\/revisions\/143"}],"wp:attachment":[{"href":"https:\/\/kauppa.nostage.fi\/en\/wp-json\/wp\/v2\/media?parent=13"}],"curies":[{"name":"wp","href":"https:\/\/api.w.org\/{rel}","templated":true}]}}